{"id":13,"date":"2017-07-29T17:29:22","date_gmt":"2017-07-29T17:29:22","guid":{"rendered":"http:\/\/www.meioffice.de\/?page_id=13"},"modified":"2018-06-04T07:01:51","modified_gmt":"2018-06-04T05:01:51","slug":"ueber-mich","status":"publish","type":"page","link":"https:\/\/www.meioffice.de\/?page_id=13","title":{"rendered":"\u00dcber mich"},"content":{"rendered":"<p style=\"text-align: left;\">Seit\u00a0mehr als 20 Jahren arbeite ich nun mit Begeisterung im IT-Bereich. Es hat mir schon immer Spa\u00df gemacht, den Menschen &#8222;IT-W\u00fcnsche&#8220; auf den verschiedensten Wegen und mit den verschiedensten Mitteln zu erf\u00fcllen.<\/p>\n<p style=\"text-align: left;\">Nat\u00fcrlich kann man\u00a0manchmal nicht alles so umsetzen, wie es gewollt ist, aber die Grenzen der Technik verschieben sich immer weiter nach oben.<\/p>\n<p style=\"text-align: left;\">Ein paar Skills:<\/p>\n<ul>\n<li>C#<\/li>\n<li>VB.NET<\/li>\n<li>Delphi<\/li>\n<li>Microsoft SQL-Server<\/li>\n<li>Oracle<\/li>\n<li>Microsoft Office<\/li>\n<li>Microsoft Windows<\/li>\n<li>Microsoft Windows Server<\/li>\n<li>Microsof Exchange<\/li>\n<li>Terminal Services<\/li>\n<li>Parallels ApplicationServer<\/li>\n<li>Smartphones, Tablets<\/li>\n<li>MDM<\/li>\n<\/ul>\n","protected":false},"excerpt":{"rendered":"<p>Seit\u00a0mehr als 20 Jahren arbeite ich nun mit Begeisterung im IT-Bereich. Es hat mir schon immer Spa\u00df gemacht, den Menschen &#8222;IT-W\u00fcnsche&#8220; auf den verschiedensten Wegen und mit den verschiedensten Mitteln zu erf\u00fcllen. Nat\u00fcrlich kann man\u00a0manchmal nicht alles so umsetzen, wie es gewollt ist, aber die Grenzen der Technik verschieben sich immer weiter nach oben. Ein &hellip; <\/p>\n<p class=\"link-more\"><a href=\"https:\/\/www.meioffice.de\/?page_id=13\" class=\"more-link\"><span class=\"screen-reader-text\">\u201e\u00dcber mich\u201c <\/span>weiterlesen<\/a><\/p>\n","protected":false},"author":1,"featured_media":0,"parent":0,"menu_order":0,"comment_status":"closed","ping_status":"closed","template":"","meta":{"footnotes":""},"class_list":["post-13","page","type-page","status-publish","hentry"],"_links":{"self":[{"href":"https:\/\/www.meioffice.de\/index.php?rest_route=\/wp\/v2\/pages\/13","targetHints":{"allow":["GET"]}}],"collection":[{"href":"https:\/\/www.meioffice.de\/index.php?rest_route=\/wp\/v2\/pages"}],"about":[{"href":"https:\/\/www.meioffice.de\/index.php?rest_route=\/wp\/v2\/types\/page"}],"author":[{"embeddable":true,"href":"https:\/\/www.meioffice.de\/index.php?rest_route=\/wp\/v2\/users\/1"}],"replies":[{"embeddable":true,"href":"https:\/\/www.meioffice.de\/index.php?rest_route=%2Fwp%2Fv2%2Fcomments&post=13"}],"version-history":[{"count":7,"href":"https:\/\/www.meioffice.de\/index.php?rest_route=\/wp\/v2\/pages\/13\/revisions"}],"predecessor-version":[{"id":39,"href":"https:\/\/www.meioffice.de\/index.php?rest_route=\/wp\/v2\/pages\/13\/revisions\/39"}],"wp:attachment":[{"href":"https:\/\/www.meioffice.de\/index.php?rest_route=%2Fwp%2Fv2%2Fmedia&parent=13"}],"curies":[{"name":"wp","href":"https:\/\/api.w.org\/{rel}","templated":true}]}}